{"id":7774,"date":"2022-05-24T12:30:21","date_gmt":"2022-05-24T12:30:21","guid":{"rendered":"https:\/\/saaslandwp.com\/demo\/test\/?page_id=7774"},"modified":"2026-01-22T18:00:54","modified_gmt":"2026-01-22T21:00:54","slug":"caracteristicas_das_solucoes","status":"publish","type":"page","link":"https:\/\/setembrohost.com.br\/hipermation\/caracteristicas_das_solucoes\/","title":{"rendered":"Caracter\u00edsticas das solu\u00e7\u00f5es"},"content":{"rendered":"\t\t<div data-elementor-type=\"wp-page\" data-elementor-id=\"7774\" class=\"elementor elementor-7774\" data-elementor-post-type=\"page\">\n\t\t\t\t<div data-particle_enable=\"false\" data-particle-mobile-disabled=\"false\" class=\"elementor-element elementor-element-167675d e-flex e-con-boxed e-con e-parent\" data-id=\"167675d\" data-element_type=\"container\" data-settings=\"{&quot;background_background&quot;:&quot;classic&quot;,&quot;ekit_has_onepagescroll_dot&quot;:&quot;yes&quot;}\">\n\t\t\t\t\t<div class=\"e-con-inner\">\n\t\t\t\t<div class=\"elementor-element elementor-element-e649f07 elementor-widget elementor-widget-heading\" data-id=\"e649f07\" data-element_type=\"widget\" data-settings=\"{&quot;ekit_we_effect_on&quot;:&quot;none&quot;}\" data-widget_type=\"heading.default\">\n\t\t\t\t\t<h1 class=\"elementor-heading-title elementor-size-default\">Caracter\u00edsticas das solu\u00e7\u00f5es\n<\/h1>\t\t\t\t<\/div>\n\t\t\t\t<div class=\"elementor-element elementor-element-9106089 elementor-widget elementor-widget-text-editor\" data-id=\"9106089\" data-element_type=\"widget\" data-settings=\"{&quot;ekit_we_effect_on&quot;:&quot;none&quot;}\" data-widget_type=\"text-editor.default\">\n\t\t\t\t\t\t\t\t\t<section class=\"breadcrumb_area Page\"><div class=\"container\"><div class=\"breadcrumb_content text-center\"><p class=\"f_300 w_color f_size_16 l_height26\">Tecnologia flex\u00edvel, integrada e inteligente, desenvolvida para se adaptar ao seu neg\u00f3cio \u2013 com performance, seguran\u00e7a e escalabilidade.<\/p><\/div><\/div><\/section>\t\t\t\t\t\t\t\t<\/div>\n\t\t\t\t\t<\/div>\n\t\t\t\t<\/div>\n\t\t\t\t<section data-particle_enable=\"false\" data-particle-mobile-disabled=\"false\" class=\"elementor-section elementor-top-section elementor-element elementor-element-512fe66c elementor-section-boxed elementor-section-height-default elementor-section-height-default\" data-id=\"512fe66c\" data-element_type=\"section\" data-settings=\"{&quot;background_background&quot;:&quot;classic&quot;,&quot;ekit_has_onepagescroll_dot&quot;:&quot;yes&quot;}\">\n\t\t\t\t\t\t<div class=\"elementor-container elementor-column-gap-no\">\n\t\t\t\t\t<div class=\"elementor-column elementor-col-100 elementor-top-column elementor-element elementor-element-be19b00\" data-id=\"be19b00\" data-element_type=\"column\">\n\t\t\t<div class=\"elementor-widget-wrap elementor-element-populated\">\n\t\t\t\t\t\t<div class=\"elementor-element elementor-element-580ee32 elementor-widget elementor-widget-heading\" data-id=\"580ee32\" data-element_type=\"widget\" data-settings=\"{&quot;ekit_we_effect_on&quot;:&quot;none&quot;}\" data-widget_type=\"heading.default\">\n\t\t\t\t\t<h2 class=\"elementor-heading-title elementor-size-default\">Entenda<\/h2>\t\t\t\t<\/div>\n\t\t\t\t<div class=\"elementor-element elementor-element-563204fc elementor-widget elementor-widget-heading\" data-id=\"563204fc\" data-element_type=\"widget\" data-settings=\"{&quot;ekit_we_effect_on&quot;:&quot;none&quot;}\" data-widget_type=\"heading.default\">\n\t\t\t\t\t<h2 class=\"elementor-heading-title elementor-size-default\"><p style=\"line-height: normal;margin: 0pt 0in;text-indent: 0in;direction: ltr\"><span style=\"font-size: 32pt;font-family: Arial;color: black;letter-spacing: 0pt;vertical-align: baseline\">Aplica\u00e7\u00e3o <\/span><span style=\"font-size: 32pt;font-family: Arial;color: black;letter-spacing: 0pt;vertical-align: baseline\">hiperautomatizada<\/span><span style=\"background-color: var(--bs-body-bg)\"><\/span><\/p><\/h2>\t\t\t\t<\/div>\n\t\t\t\t<div class=\"elementor-element elementor-element-57a9820b elementor-widget elementor-widget-text-editor\" data-id=\"57a9820b\" data-element_type=\"widget\" data-settings=\"{&quot;ekit_we_effect_on&quot;:&quot;none&quot;}\" data-widget_type=\"text-editor.default\">\n\t\t\t\t\t\t\t\t\t<p style=\"text-align: center;\">Mais do que tecnologia, entregamos solu\u00e7\u00f5es pensadas para evoluir com o seu neg\u00f3cio. Do in\u00edcio ao fim, cada etapa \u00e9 constru\u00edda com estrat\u00e9gia, inova\u00e7\u00e3o e seguran\u00e7a. Estamos prontos para integrar e escalar junto com voc\u00ea.<\/p>\t\t\t\t\t\t\t\t<\/div>\n\t\t\t\t\t<\/div>\n\t\t<\/div>\n\t\t\t\t\t<\/div>\n\t\t<\/section>\n\t\t<div data-particle_enable=\"false\" data-particle-mobile-disabled=\"false\" class=\"elementor-element elementor-element-9a1a848 e-flex e-con-boxed e-con e-parent\" data-id=\"9a1a848\" data-element_type=\"container\" data-settings=\"{&quot;ekit_has_onepagescroll_dot&quot;:&quot;yes&quot;}\">\n\t\t\t\t\t<div class=\"e-con-inner\">\n\t\t<div data-particle_enable=\"false\" data-particle-mobile-disabled=\"false\" class=\"elementor-element elementor-element-96ea821 e-con-full e-flex e-con e-child\" data-id=\"96ea821\" data-element_type=\"container\" data-settings=\"{&quot;ekit_has_onepagescroll_dot&quot;:&quot;yes&quot;}\">\n\t\t\t\t<div class=\"elementor-element elementor-element-2ae14b5 elementor-position-top elementor-widget elementor-widget-image-box\" data-id=\"2ae14b5\" data-element_type=\"widget\" data-settings=\"{&quot;ekit_we_effect_on&quot;:&quot;none&quot;}\" data-widget_type=\"image-box.default\">\n\t\t\t\t\t<div class=\"elementor-image-box-wrapper\"><figure class=\"elementor-image-box-img\"><img fetchpriority=\"high\" decoding=\"async\" width=\"176\" height=\"298\" src=\"https:\/\/setembrohost.com.br\/hipermation\/wp-content\/uploads\/2022\/05\/setup_img1.png\" class=\"attachment-full size-full wp-image-7766\" alt=\"\" \/><\/figure><div class=\"elementor-image-box-content\"><h3 class=\"elementor-image-box-title\">Uso ilimitado<\/h3><p class=\"elementor-image-box-description\">Licen\u00e7as para todos os funcion\u00e1rios, terceiros e clientes.<\/p><\/div><\/div>\t\t\t\t<\/div>\n\t\t\t\t<div class=\"elementor-element elementor-element-bb9f274 elementor-position-top elementor-widget elementor-widget-image-box\" data-id=\"bb9f274\" data-element_type=\"widget\" data-settings=\"{&quot;ekit_we_effect_on&quot;:&quot;none&quot;}\" data-widget_type=\"image-box.default\">\n\t\t\t\t\t<div class=\"elementor-image-box-wrapper\"><figure class=\"elementor-image-box-img\"><img decoding=\"async\" width=\"271\" height=\"241\" data-src=\"https:\/\/setembrohost.com.br\/hipermation\/wp-content\/uploads\/2022\/05\/setup_img2.png\" class=\"attachment-full size-full wp-image-7767 lazyload\" alt=\"\" src=\"data:image\/svg+xml;base64,PHN2ZyB3aWR0aD0iMSIgaGVpZ2h0PSIxIiB4bWxucz0iaHR0cDovL3d3dy53My5vcmcvMjAwMC9zdmciPjwvc3ZnPg==\" style=\"--smush-placeholder-width: 271px; --smush-placeholder-aspect-ratio: 271\/241;\" \/><\/figure><div class=\"elementor-image-box-content\"><h3 class=\"elementor-image-box-title\">IA por todos os lados da solu\u00e7\u00e3o<\/h3><p class=\"elementor-image-box-description\">O Or\u00e1culo e os Copilotos fornecem recursos que colocam as aplica\u00e7\u00f5es em um patamar superior.<\/p><\/div><\/div>\t\t\t\t<\/div>\n\t\t\t\t<\/div>\n\t\t<div data-particle_enable=\"false\" data-particle-mobile-disabled=\"false\" class=\"elementor-element elementor-element-c540bbe e-con-full e-flex e-con e-child\" data-id=\"c540bbe\" data-element_type=\"container\" data-settings=\"{&quot;ekit_has_onepagescroll_dot&quot;:&quot;yes&quot;}\">\n\t\t\t\t<div class=\"elementor-element elementor-element-21a4ddb elementor-position-top elementor-widget elementor-widget-image-box\" data-id=\"21a4ddb\" data-element_type=\"widget\" data-settings=\"{&quot;ekit_we_effect_on&quot;:&quot;none&quot;}\" data-widget_type=\"image-box.default\">\n\t\t\t\t\t<div class=\"elementor-image-box-wrapper\"><figure class=\"elementor-image-box-img\"><img decoding=\"async\" width=\"250\" height=\"258\" data-src=\"https:\/\/setembrohost.com.br\/hipermation\/wp-content\/uploads\/2022\/05\/setup_img3.png\" class=\"attachment-full size-full wp-image-7768 lazyload\" alt=\"\" src=\"data:image\/svg+xml;base64,PHN2ZyB3aWR0aD0iMSIgaGVpZ2h0PSIxIiB4bWxucz0iaHR0cDovL3d3dy53My5vcmcvMjAwMC9zdmciPjwvc3ZnPg==\" style=\"--smush-placeholder-width: 250px; --smush-placeholder-aspect-ratio: 250\/258;\" \/><\/figure><div class=\"elementor-image-box-content\"><h3 class=\"elementor-image-box-title\">Usamos o nosso pr\u00f3prio framework low-code\/no-code<\/h3><p class=\"elementor-image-box-description\">Custo baixo de desenvolvimento e manuten\u00e7\u00e3o.\n\n<\/p><\/div><\/div>\t\t\t\t<\/div>\n\t\t\t\t<\/div>\n\t\t\t\t\t<\/div>\n\t\t\t\t<\/div>\n\t\t<div data-particle_enable=\"false\" data-particle-mobile-disabled=\"false\" class=\"elementor-element elementor-element-a458b72 e-flex e-con-boxed e-con e-parent\" data-id=\"a458b72\" data-element_type=\"container\" data-settings=\"{&quot;ekit_has_onepagescroll_dot&quot;:&quot;yes&quot;}\">\n\t\t\t\t\t<div class=\"e-con-inner\">\n\t\t<div data-particle_enable=\"false\" data-particle-mobile-disabled=\"false\" class=\"elementor-element elementor-element-ae3c29b e-con-full e-flex e-con e-child\" data-id=\"ae3c29b\" data-element_type=\"container\" data-settings=\"{&quot;ekit_has_onepagescroll_dot&quot;:&quot;yes&quot;}\">\n\t\t\t\t<div class=\"elementor-element elementor-element-0a827c0 elementor-widget elementor-widget-droit-process\" data-id=\"0a827c0\" data-element_type=\"widget\" data-settings=\"{&quot;ekit_we_effect_on&quot;:&quot;none&quot;}\" data-widget_type=\"droit-process.default\">\n\t\t\t\t<div class=\"elementor-widget-container\">\n\t\t\t\t\t      <div class=\"dl_row droit-process-wrapper \">\r\n                    <div id=\"process-395238a\" class=\"dl_col_lg_4 dl_col_sm_6 droit-process-items elementor-repeater-item-395238a\" data-item=\"1\">\r\n              <div class=\"dl_single_process_box dl_style_01 droit-process-box\">\r\n                  <div class=\"dl_process_box_icon droit-process-box-icon\">\r\n                      <div class=\"dl_process_icon_inner dl_color_01 droit-process-box-icon-inner dl_process_shadow\">\r\n                                                                <img decoding=\"async\" data-src=\"https:\/\/setembrohost.com.br\/hipermation\/wp-content\/uploads\/2022\/05\/icon1-1.png\" alt=\"\" src=\"data:image\/svg+xml;base64,PHN2ZyB3aWR0aD0iMSIgaGVpZ2h0PSIxIiB4bWxucz0iaHR0cDovL3d3dy53My5vcmcvMjAwMC9zdmciPjwvc3ZnPg==\" class=\"lazyload\" style=\"--smush-placeholder-width: 84px; --smush-placeholder-aspect-ratio: 84\/99;\">\r\n                                                       <\/div>\r\n                                        <\/div>\r\n                                        <h4 class=\"dl_title droit-process-title\">\r\n                      <a href=\"#\">\r\n                      Uso no site do cliente ou nosso site                       <\/a>\r\n                      <\/h4>\r\n                                                          <p class=\"dl_desc droit-process-desc\">\r\n                          Ader\u00eancia total aos mecanismos de seguran\u00e7a estabelecidos pelo cliente.                      <\/p>\r\n                                <\/div>\r\n          <\/div>\r\n                    <div id=\"process-6ce1fd5\" class=\"dl_col_lg_4 dl_col_sm_6 droit-process-items elementor-repeater-item-6ce1fd5\" data-item=\"2\">\r\n              <div class=\"dl_single_process_box dl_style_01 droit-process-box\">\r\n                  <div class=\"dl_process_box_icon droit-process-box-icon\">\r\n                      <div class=\"dl_process_icon_inner dl_color_01 droit-process-box-icon-inner dl_process_shadow\">\r\n                                                                <img decoding=\"async\" data-src=\"https:\/\/setembrohost.com.br\/hipermation\/wp-content\/uploads\/2022\/05\/icon2-3.png\" alt=\"\" src=\"data:image\/svg+xml;base64,PHN2ZyB3aWR0aD0iMSIgaGVpZ2h0PSIxIiB4bWxucz0iaHR0cDovL3d3dy53My5vcmcvMjAwMC9zdmciPjwvc3ZnPg==\" class=\"lazyload\" style=\"--smush-placeholder-width: 84px; --smush-placeholder-aspect-ratio: 84\/99;\">\r\n                                                       <\/div>\r\n                                        <\/div>\r\n                                        <h4 class=\"dl_title droit-process-title\">\r\n                      <a href=\"#\">\r\n                      Integra\u00e7\u00e3o, integra\u00e7\u00e3o, integra\u00e7\u00e3o!                       <\/a>\r\n                      <\/h4>\r\n                                                          <p class=\"dl_desc droit-process-desc\">\r\n                          Integra\u00e7\u00e3o total e APIs atrav\u00e9s do Dicion\u00e1rio de Informa\u00e7\u00f5es. APIs para integra\u00e7\u00e3o bidirecional com quaisquer aplica\u00e7\u00f5es ou sites. Tamb\u00e9m acesso direto a bases de dados via SQL.                      <\/p>\r\n                                <\/div>\r\n          <\/div>\r\n                    <div id=\"process-0a761cb\" class=\"dl_col_lg_4 dl_col_sm_6 droit-process-items elementor-repeater-item-0a761cb\" data-item=\"3\">\r\n              <div class=\"dl_single_process_box dl_style_01 droit-process-box\">\r\n                  <div class=\"dl_process_box_icon droit-process-box-icon\">\r\n                      <div class=\"dl_process_icon_inner dl_color_01 droit-process-box-icon-inner dl_process_shadow\">\r\n                                                                <img decoding=\"async\" data-src=\"https:\/\/setembrohost.com.br\/hipermation\/wp-content\/uploads\/2022\/05\/icon3-1.png\" alt=\"\" src=\"data:image\/svg+xml;base64,PHN2ZyB3aWR0aD0iMSIgaGVpZ2h0PSIxIiB4bWxucz0iaHR0cDovL3d3dy53My5vcmcvMjAwMC9zdmciPjwvc3ZnPg==\" class=\"lazyload\" style=\"--smush-placeholder-width: 84px; --smush-placeholder-aspect-ratio: 84\/99;\">\r\n                                                       <\/div>\r\n                                        <\/div>\r\n                                        <h4 class=\"dl_title droit-process-title\">\r\n                      <a href=\"#\">\r\n                      Sob medida                       <\/a>\r\n                      <\/h4>\r\n                                                          <p class=\"dl_desc droit-process-desc\">\r\n                          Levantamento no in\u00edcio do projeto confirmar\u00e1 os requisitos que o projeto precisa atender para ser sob medida.                      <\/p>\r\n                                <\/div>\r\n          <\/div>\r\n                <\/div>\r\n    \t\t\t\t<\/div>\n\t\t\t\t<\/div>\n\t\t\t\t<\/div>\n\t\t\t\t\t<\/div>\n\t\t\t\t<\/div>\n\t\t\t\t<section data-particle_enable=\"false\" data-particle-mobile-disabled=\"false\" class=\"elementor-section elementor-top-section elementor-element elementor-element-6c8328ee elementor-section-full_width elementor-section-height-default elementor-section-height-default\" data-id=\"6c8328ee\" data-element_type=\"section\" data-settings=\"{&quot;ekit_has_onepagescroll_dot&quot;:&quot;yes&quot;}\">\n\t\t\t\t\t\t<div class=\"elementor-container elementor-column-gap-no\">\n\t\t\t\t\t<div class=\"elementor-column elementor-col-100 elementor-top-column elementor-element elementor-element-25ff53a0\" data-id=\"25ff53a0\" data-element_type=\"column\">\n\t\t\t<div class=\"elementor-widget-wrap elementor-element-populated\">\n\t\t\t\t<div data-particle_enable=\"false\" data-particle-mobile-disabled=\"false\" class=\"elementor-element elementor-element-65c44c0 e-grid e-con-boxed e-con e-parent\" data-id=\"65c44c0\" data-element_type=\"container\" data-settings=\"{&quot;ekit_has_onepagescroll_dot&quot;:&quot;yes&quot;}\">\n\t\t\t\t\t<div class=\"e-con-inner\">\n\t\t\t\t<div class=\"elementor-element elementor-element-07150fe elementor-widget elementor-widget-image\" data-id=\"07150fe\" data-element_type=\"widget\" data-settings=\"{&quot;ekit_we_effect_on&quot;:&quot;none&quot;}\" data-widget_type=\"image.default\">\n\t\t\t\t\t\t\t\t\t\t\t\t\t\t\t<img decoding=\"async\" width=\"544\" height=\"443\" data-src=\"https:\/\/setembrohost.com.br\/hipermation\/wp-content\/uploads\/2022\/08\/work2.png\" class=\"attachment-large size-large wp-image-10706 lazyload\" alt=\"\" src=\"data:image\/svg+xml;base64,PHN2ZyB3aWR0aD0iMSIgaGVpZ2h0PSIxIiB4bWxucz0iaHR0cDovL3d3dy53My5vcmcvMjAwMC9zdmciPjwvc3ZnPg==\" style=\"--smush-placeholder-width: 544px; --smush-placeholder-aspect-ratio: 544\/443;\" \/>\t\t\t\t\t\t\t\t\t\t\t\t\t\t\t<\/div>\n\t\t\t\t<div class=\"elementor-element elementor-element-a0b4bf6 elementor-position-top elementor-widget elementor-widget-image-box\" data-id=\"a0b4bf6\" data-element_type=\"widget\" data-settings=\"{&quot;ekit_we_effect_on&quot;:&quot;none&quot;}\" data-widget_type=\"image-box.default\">\n\t\t\t\t\t<div class=\"elementor-image-box-wrapper\"><figure class=\"elementor-image-box-img\"><img decoding=\"async\" width=\"30\" height=\"64\" data-src=\"https:\/\/setembrohost.com.br\/hipermation\/wp-content\/uploads\/2026\/01\/1.png\" class=\"attachment-full size-full wp-image-12907 lazyload\" alt=\"\" src=\"data:image\/svg+xml;base64,PHN2ZyB3aWR0aD0iMSIgaGVpZ2h0PSIxIiB4bWxucz0iaHR0cDovL3d3dy53My5vcmcvMjAwMC9zdmciPjwvc3ZnPg==\" style=\"--smush-placeholder-width: 30px; --smush-placeholder-aspect-ratio: 30\/64;\" \/><\/figure><div class=\"elementor-image-box-content\"><h3 class=\"elementor-image-box-title\">Nossas solu\u00e7\u00f5es s\u00e3o projetadas com foco total na<\/h3><p class=\"elementor-image-box-description\">personaliza\u00e7\u00e3o, seguran\u00e7a e alto desempenho. Utilizamos tecnologia de ponta e um framework pr\u00f3prio low-code\/no-code para criar aplica\u00e7\u00f5es robustas, intuitivas e de r\u00e1pida implementa\u00e7\u00e3o. Desde o primeiro levantamento at\u00e9 a entrega final, todo o processo \u00e9 guiado por integra\u00e7\u00e3o, intelig\u00eancia artificial e usabilidade.<\/p><\/div><\/div>\t\t\t\t<\/div>\n\t\t\t\t\t<\/div>\n\t\t\t\t<\/div>\n\t\t<div data-particle_enable=\"false\" data-particle-mobile-disabled=\"false\" class=\"elementor-element elementor-element-2e04b6a e-grid e-con-boxed e-con e-parent\" data-id=\"2e04b6a\" data-element_type=\"container\" data-settings=\"{&quot;ekit_has_onepagescroll_dot&quot;:&quot;yes&quot;}\">\n\t\t\t\t\t<div class=\"e-con-inner\">\n\t\t\t\t<div class=\"elementor-element elementor-element-b10d434 elementor-position-top elementor-widget elementor-widget-image-box\" data-id=\"b10d434\" data-element_type=\"widget\" data-settings=\"{&quot;ekit_we_effect_on&quot;:&quot;none&quot;}\" data-widget_type=\"image-box.default\">\n\t\t\t\t\t<div class=\"elementor-image-box-wrapper\"><figure class=\"elementor-image-box-img\"><img decoding=\"async\" width=\"41\" height=\"60\" data-src=\"https:\/\/setembrohost.com.br\/hipermation\/wp-content\/uploads\/2026\/01\/2.png\" class=\"attachment-full size-full wp-image-12908 lazyload\" alt=\"\" src=\"data:image\/svg+xml;base64,PHN2ZyB3aWR0aD0iMSIgaGVpZ2h0PSIxIiB4bWxucz0iaHR0cDovL3d3dy53My5vcmcvMjAwMC9zdmciPjwvc3ZnPg==\" style=\"--smush-placeholder-width: 41px; --smush-placeholder-aspect-ratio: 41\/60;\" \/><\/figure><div class=\"elementor-image-box-content\"><h3 class=\"elementor-image-box-title\">Cada uma de nossas solu\u00e7\u00f5es carrega um prop\u00f3sito:<\/h3><p class=\"elementor-image-box-description\">tornar a tecnologia mais acess\u00edvel, eficiente e estrat\u00e9gica para o seu neg\u00f3cio. Combinamos intelig\u00eancia artificial, integra\u00e7\u00f5es poderosas, flexibilidade e baixo custo para criar um ecossistema digital preparado para evoluir com voc\u00ea.\n\nEstamos prontos para enfrentar os desafios do seu dia a dia com inova\u00e7\u00e3o, agilidade e excel\u00eancia. Vamos construir juntos o futuro da sua opera\u00e7\u00e3o?<\/p><\/div><\/div>\t\t\t\t<\/div>\n\t\t\t\t<div class=\"elementor-element elementor-element-1791b42 elementor-widget elementor-widget-image\" data-id=\"1791b42\" data-element_type=\"widget\" data-settings=\"{&quot;ekit_we_effect_on&quot;:&quot;none&quot;}\" data-widget_type=\"image.default\">\n\t\t\t\t\t\t\t\t\t\t\t\t\t\t\t<img decoding=\"async\" width=\"470\" height=\"396\" data-src=\"https:\/\/setembrohost.com.br\/hipermation\/wp-content\/uploads\/2019\/01\/process_4.png\" class=\"attachment-large size-large wp-image-1585 lazyload\" alt=\"Design\" src=\"data:image\/svg+xml;base64,PHN2ZyB3aWR0aD0iMSIgaGVpZ2h0PSIxIiB4bWxucz0iaHR0cDovL3d3dy53My5vcmcvMjAwMC9zdmciPjwvc3ZnPg==\" style=\"--smush-placeholder-width: 470px; --smush-placeholder-aspect-ratio: 470\/396;\" \/>\t\t\t\t\t\t\t\t\t\t\t\t\t\t\t<\/div>\n\t\t\t\t\t<\/div>\n\t\t\t\t<\/div>\n\t\t\t\t\t<\/div>\n\t\t<\/div>\n\t\t\t\t\t<\/div>\n\t\t<\/section>\n\t\t\t\t<\/div>\n\t\t","protected":false},"excerpt":{"rendered":"<p>Tecnologia flex\u00edvel, integrada e inteligente, desenvolvida para se adaptar ao seu neg\u00f3cio \u2013 com performance, seguran\u00e7a e escalabilidade.<\/p>\n","protected":false},"author":1,"featured_media":0,"parent":0,"menu_order":0,"comment_status":"closed","ping_status":"closed","template":"","meta":{"footnotes":""},"class_list":["post-7774","page","type-page","status-publish","hentry"],"_links":{"self":[{"href":"https:\/\/setembrohost.com.br\/hipermation\/wp-json\/wp\/v2\/pages\/7774","targetHints":{"allow":["GET"]}}],"collection":[{"href":"https:\/\/setembrohost.com.br\/hipermation\/wp-json\/wp\/v2\/pages"}],"about":[{"href":"https:\/\/setembrohost.com.br\/hipermation\/wp-json\/wp\/v2\/types\/page"}],"author":[{"embeddable":true,"href":"https:\/\/setembrohost.com.br\/hipermation\/wp-json\/wp\/v2\/users\/1"}],"replies":[{"embeddable":true,"href":"https:\/\/setembrohost.com.br\/hipermation\/wp-json\/wp\/v2\/comments?post=7774"}],"version-history":[{"count":49,"href":"https:\/\/setembrohost.com.br\/hipermation\/wp-json\/wp\/v2\/pages\/7774\/revisions"}],"predecessor-version":[{"id":12929,"href":"https:\/\/setembrohost.com.br\/hipermation\/wp-json\/wp\/v2\/pages\/7774\/revisions\/12929"}],"wp:attachment":[{"href":"https:\/\/setembrohost.com.br\/hipermation\/wp-json\/wp\/v2\/media?parent=7774"}],"curies":[{"name":"wp","href":"https:\/\/api.w.org\/{rel}","templated":true}]}}