{"id":3155,"date":"2019-04-09T11:24:42","date_gmt":"2019-04-09T11:24:42","guid":{"rendered":"https:\/\/droitthemes.com\/wp\/saasland\/?page_id=3155"},"modified":"2026-01-22T17:06:03","modified_gmt":"2026-01-22T20:06:03","slug":"sobre_nos","status":"publish","type":"page","link":"https:\/\/setembrohost.com.br\/hipermation\/sobre_nos\/","title":{"rendered":"Sobre N\u00f3s"},"content":{"rendered":"\t\t<div data-elementor-type=\"wp-post\" data-elementor-id=\"3155\" class=\"elementor elementor-3155\" data-elementor-post-type=\"page\">\n\t\t\t\t\t\t<section data-particle_enable=\"false\" data-particle-mobile-disabled=\"false\" class=\"elementor-section elementor-top-section elementor-element elementor-element-15baca18 elementor-section-boxed elementor-section-height-default elementor-section-height-default\" data-id=\"15baca18\" data-element_type=\"section\" data-settings=\"{&quot;background_background&quot;:&quot;classic&quot;,&quot;ekit_has_onepagescroll_dot&quot;:&quot;yes&quot;}\">\n\t\t\t\t\t\t<div class=\"elementor-container elementor-column-gap-no\">\n\t\t\t\t\t<div class=\"elementor-column elementor-col-100 elementor-top-column elementor-element elementor-element-2b99d76b\" data-id=\"2b99d76b\" data-element_type=\"column\">\n\t\t\t<div class=\"elementor-widget-wrap\">\n\t\t\t\t\t\t\t<\/div>\n\t\t<\/div>\n\t\t\t\t\t<\/div>\n\t\t<\/section>\n\t\t<div data-particle_enable=\"false\" data-particle-mobile-disabled=\"false\" class=\"elementor-element elementor-element-22d339d e-con-full e-flex e-con e-parent\" data-id=\"22d339d\" data-element_type=\"container\" data-settings=\"{&quot;background_background&quot;:&quot;classic&quot;,&quot;ekit_has_onepagescroll_dot&quot;:&quot;yes&quot;}\">\n\t\t\t\t<div class=\"elementor-element elementor-element-70ab3eb elementor-widget elementor-widget-heading\" data-id=\"70ab3eb\" data-element_type=\"widget\" data-settings=\"{&quot;ekit_we_effect_on&quot;:&quot;none&quot;}\" data-widget_type=\"heading.default\">\n\t\t\t\t\t<h1 class=\"elementor-heading-title elementor-size-default\">Sobre N\u00f3s\n<\/h1>\t\t\t\t<\/div>\n\t\t\t\t<div class=\"elementor-element elementor-element-619b5bc elementor-widget elementor-widget-text-editor\" data-id=\"619b5bc\" data-element_type=\"widget\" data-settings=\"{&quot;ekit_we_effect_on&quot;:&quot;none&quot;}\" data-widget_type=\"text-editor.default\">\n\t\t\t\t\t\t\t\t\t<section class=\"breadcrumb_area Page\"><div class=\"container\"><div class=\"breadcrumb_content text-center\"><p class=\"f_300 w_color f_size_16 l_height26\">Somos um ecossistema.<\/p><\/div><\/div><\/section>\t\t\t\t\t\t\t\t<\/div>\n\t\t\t\t<\/div>\n\t\t<div data-particle_enable=\"false\" data-particle-mobile-disabled=\"false\" class=\"elementor-element elementor-element-3babbc2 e-flex e-con-boxed e-con e-parent\" data-id=\"3babbc2\" data-element_type=\"container\" data-settings=\"{&quot;ekit_has_onepagescroll_dot&quot;:&quot;yes&quot;}\">\n\t\t\t\t\t<div class=\"e-con-inner\">\n\t\t\t\t<div class=\"elementor-element elementor-element-968ba31 elementor-widget elementor-widget-heading\" data-id=\"968ba31\" data-element_type=\"widget\" data-settings=\"{&quot;ekit_we_effect_on&quot;:&quot;none&quot;}\" data-widget_type=\"heading.default\">\n\t\t\t\t\t<h2 class=\"elementor-heading-title elementor-size-default\">Muito mais que uma startup.\n<\/h2>\t\t\t\t<\/div>\n\t\t\t\t\t<\/div>\n\t\t\t\t<\/div>\n\t\t<div data-particle_enable=\"false\" data-particle-mobile-disabled=\"false\" class=\"elementor-element elementor-element-70a570d e-flex e-con-boxed elementor-invisible e-con e-parent\" data-id=\"70a570d\" data-element_type=\"container\" data-settings=\"{&quot;animation&quot;:&quot;fadeInLeft&quot;,&quot;ekit_has_onepagescroll_dot&quot;:&quot;yes&quot;}\">\n\t\t\t\t\t<div class=\"e-con-inner\">\n\t\t<div data-particle_enable=\"false\" data-particle-mobile-disabled=\"false\" class=\"elementor-element elementor-element-c8cbd21 e-con-full e-flex e-con e-child\" data-id=\"c8cbd21\" data-element_type=\"container\" data-settings=\"{&quot;ekit_has_onepagescroll_dot&quot;:&quot;yes&quot;}\">\n\t\t\t\t<div class=\"elementor-element elementor-element-c2457f8 elementor-position-top elementor-widget elementor-widget-image-box\" data-id=\"c2457f8\" data-element_type=\"widget\" data-settings=\"{&quot;ekit_we_effect_on&quot;:&quot;none&quot;}\" data-widget_type=\"image-box.default\">\n\t\t\t\t\t<div class=\"elementor-image-box-wrapper\"><figure class=\"elementor-image-box-img\"><img decoding=\"async\" width=\"70\" height=\"70\" data-src=\"https:\/\/setembrohost.com.br\/hipermation\/wp-content\/uploads\/2019\/10\/icon_shape1.png\" class=\"attachment-full size-full wp-image-4214 lazyload\" alt=\"Shape\" src=\"data:image\/svg+xml;base64,PHN2ZyB3aWR0aD0iMSIgaGVpZ2h0PSIxIiB4bWxucz0iaHR0cDovL3d3dy53My5vcmcvMjAwMC9zdmciPjwvc3ZnPg==\" style=\"--smush-placeholder-width: 70px; --smush-placeholder-aspect-ratio: 70\/70;\" \/><\/figure><div class=\"elementor-image-box-content\"><h3 class=\"elementor-image-box-title\">Miss\u00e3o<\/h3><p class=\"elementor-image-box-description\">Criar solu\u00e7\u00f5es digitais que geram impacto real, com foco em inova\u00e7\u00e3o cont\u00ednua, excel\u00eancia tecnol\u00f3gica e entrega de valor para nossos clientes e para a sociedade.<\/p><\/div><\/div>\t\t\t\t<\/div>\n\t\t\t\t<\/div>\n\t\t<div data-particle_enable=\"false\" data-particle-mobile-disabled=\"false\" class=\"elementor-element elementor-element-25b8d9a e-con-full e-flex e-con e-child\" data-id=\"25b8d9a\" data-element_type=\"container\" data-settings=\"{&quot;ekit_has_onepagescroll_dot&quot;:&quot;yes&quot;}\">\n\t\t\t\t<div class=\"elementor-element elementor-element-2933210 elementor-position-top elementor-widget elementor-widget-image-box\" data-id=\"2933210\" data-element_type=\"widget\" data-settings=\"{&quot;ekit_we_effect_on&quot;:&quot;none&quot;}\" data-widget_type=\"image-box.default\">\n\t\t\t\t\t<div class=\"elementor-image-box-wrapper\"><figure class=\"elementor-image-box-img\"><img decoding=\"async\" width=\"70\" height=\"70\" data-src=\"https:\/\/setembrohost.com.br\/hipermation\/wp-content\/uploads\/2021\/11\/icon_shape2.png\" class=\"attachment-full size-full wp-image-6387 lazyload\" alt=\"Icon\" src=\"data:image\/svg+xml;base64,PHN2ZyB3aWR0aD0iMSIgaGVpZ2h0PSIxIiB4bWxucz0iaHR0cDovL3d3dy53My5vcmcvMjAwMC9zdmciPjwvc3ZnPg==\" style=\"--smush-placeholder-width: 70px; --smush-placeholder-aspect-ratio: 70\/70;\" \/><\/figure><div class=\"elementor-image-box-content\"><h3 class=\"elementor-image-box-title\">Vis\u00e3o<\/h3><p class=\"elementor-image-box-description\">Ser reconhecido como um ecossistema de refer\u00eancia em tecnologia e inova\u00e7\u00e3o, atuando de forma colaborativa e estrat\u00e9gica em diversas frentes do mercado digital at\u00e9 2030.<\/p><\/div><\/div>\t\t\t\t<\/div>\n\t\t\t\t<\/div>\n\t\t<div data-particle_enable=\"false\" data-particle-mobile-disabled=\"false\" class=\"elementor-element elementor-element-43b2ee2 e-con-full e-flex e-con e-child\" data-id=\"43b2ee2\" data-element_type=\"container\" data-settings=\"{&quot;ekit_has_onepagescroll_dot&quot;:&quot;yes&quot;}\">\n\t\t\t\t<div class=\"elementor-element elementor-element-b66549b elementor-position-top elementor-widget elementor-widget-image-box\" data-id=\"b66549b\" data-element_type=\"widget\" data-settings=\"{&quot;ekit_we_effect_on&quot;:&quot;none&quot;}\" data-widget_type=\"image-box.default\">\n\t\t\t\t\t<div class=\"elementor-image-box-wrapper\"><figure class=\"elementor-image-box-img\"><img decoding=\"async\" width=\"71\" height=\"69\" data-src=\"https:\/\/setembrohost.com.br\/hipermation\/wp-content\/uploads\/2021\/11\/icon_shape3.png\" class=\"attachment-full size-full wp-image-6388 lazyload\" alt=\"Icon\" src=\"data:image\/svg+xml;base64,PHN2ZyB3aWR0aD0iMSIgaGVpZ2h0PSIxIiB4bWxucz0iaHR0cDovL3d3dy53My5vcmcvMjAwMC9zdmciPjwvc3ZnPg==\" style=\"--smush-placeholder-width: 71px; --smush-placeholder-aspect-ratio: 71\/69;\" \/><\/figure><div class=\"elementor-image-box-content\"><h3 class=\"elementor-image-box-title\">Valores<\/h3><p class=\"elementor-image-box-description\">Valorizamos a inova\u00e7\u00e3o com prop\u00f3sito, a transpar\u00eancia nas rela\u00e7\u00f5es e a colabora\u00e7\u00e3o entre pessoas. Atuamos com autonomia e responsabilidade, sempre focados nas reais necessidades dos clientes. Nosso compromisso \u00e9 com o crescimento sustent\u00e1vel e com o impacto positivo da tecnologia.<\/p><\/div><\/div>\t\t\t\t<\/div>\n\t\t\t\t<\/div>\n\t\t\t\t\t<\/div>\n\t\t\t\t<\/div>\n\t\t<div data-particle_enable=\"false\" data-particle-mobile-disabled=\"false\" class=\"elementor-element elementor-element-1464867f e-flex e-con-boxed elementor-invisible e-con e-parent\" data-id=\"1464867f\" data-element_type=\"container\" data-settings=\"{&quot;background_background&quot;:&quot;classic&quot;,&quot;animation&quot;:&quot;zoomIn&quot;,&quot;ekit_has_onepagescroll_dot&quot;:&quot;yes&quot;}\">\n\t\t\t\t\t<div class=\"e-con-inner\">\n\t\t<div data-particle_enable=\"false\" data-particle-mobile-disabled=\"false\" class=\"elementor-element elementor-element-2a7a4d89 e-con-full e-flex e-con e-child\" data-id=\"2a7a4d89\" data-element_type=\"container\" data-settings=\"{&quot;ekit_has_onepagescroll_dot&quot;:&quot;yes&quot;}\">\n\t\t\t\t<div class=\"elementor-element elementor-element-50d0e984 elementor-widget elementor-widget-heading\" data-id=\"50d0e984\" data-element_type=\"widget\" data-settings=\"{&quot;ekit_we_effect_on&quot;:&quot;none&quot;}\" data-widget_type=\"heading.default\">\n\t\t\t\t\t<h2 class=\"elementor-heading-title elementor-size-default\">Hipermation<\/h2>\t\t\t\t<\/div>\n\t\t\t\t<div class=\"elementor-element elementor-element-168cd7cb elementor-widget elementor-widget-heading\" data-id=\"168cd7cb\" data-element_type=\"widget\" data-settings=\"{&quot;ekit_we_effect_on&quot;:&quot;none&quot;}\" data-widget_type=\"heading.default\">\n\t\t\t\t\t<h3 class=\"elementor-heading-title elementor-size-default\">O Que Somos?<\/h3>\t\t\t\t<\/div>\n\t\t\t\t<div class=\"elementor-element elementor-element-223e3dc4 elementor-widget elementor-widget-text-editor\" data-id=\"223e3dc4\" data-element_type=\"widget\" data-settings=\"{&quot;ekit_we_effect_on&quot;:&quot;none&quot;}\" data-widget_type=\"text-editor.default\">\n\t\t\t\t\t\t\t\t\t<p data-start=\"340\" data-end=\"473\">Uma startup? Sim, mas diferente das outras.<br data-start=\"383\" data-end=\"386\" \/>Somos uma empresa movida pela inova\u00e7\u00e3o, mas com os p\u00e9s firmes na entrega de resultados.<\/p><p data-start=\"475\" data-end=\"604\">Uma software house? Tamb\u00e9m.<br data-start=\"502\" data-end=\"505\" \/>Criamos solu\u00e7\u00f5es digitais com intelig\u00eancia, prop\u00f3sito e escalabilidade. Mas isso \u00e9 apenas o come\u00e7o.<\/p><p data-start=\"606\" data-end=\"769\">Uma SaaS house? Sim, com excel\u00eancia.<br data-start=\"642\" data-end=\"645\" \/>Desenvolvemos e operamos plataformas como servi\u00e7o, com foco total na experi\u00eancia do usu\u00e1rio e na performance do seu neg\u00f3cio.<\/p><p data-start=\"771\" data-end=\"950\"><strong data-start=\"771\" data-end=\"796\">Somos um ecossistema.<\/strong><br data-start=\"796\" data-end=\"799\" \/>Um ambiente colaborativo onde tecnologia, estrat\u00e9gia, dados e pessoas se conectam para acelerar ideias, transformar mercados e criar valor sustent\u00e1vel.<\/p><p data-start=\"952\" data-end=\"1013\">Mais do que entregar softwares, <strong data-start=\"984\" data-end=\"1012\">potencializamos neg\u00f3cios<\/strong>.<\/p>\t\t\t\t\t\t\t\t<\/div>\n\t\t\t\t<div class=\"elementor-element elementor-element-525c3501 elementor-invisible elementor-widget elementor-widget-image\" data-id=\"525c3501\" data-element_type=\"widget\" data-settings=\"{&quot;_animation&quot;:&quot;zoomIn&quot;,&quot;ekit_we_effect_on&quot;:&quot;none&quot;}\" data-widget_type=\"image.default\">\n\t\t\t\t\t\t\t\t\t\t\t\t\t\t\t<img decoding=\"async\" width=\"722\" height=\"418\" data-src=\"https:\/\/setembrohost.com.br\/hipermation\/wp-content\/uploads\/2025\/07\/empresa2.png\" class=\"attachment-large size-large wp-image-11902 lazyload\" alt=\"\" data-srcset=\"https:\/\/setembrohost.com.br\/hipermation\/wp-content\/uploads\/2025\/07\/empresa2.png 722w, https:\/\/setembrohost.com.br\/hipermation\/wp-content\/uploads\/2025\/07\/empresa2-300x174.png 300w, https:\/\/setembrohost.com.br\/hipermation\/wp-content\/uploads\/2025\/07\/empresa2-520x300.png 520w, https:\/\/setembrohost.com.br\/hipermation\/wp-content\/uploads\/2025\/07\/empresa2-600x347.png 600w\" data-sizes=\"(max-width: 722px) 100vw, 722px\" src=\"data:image\/svg+xml;base64,PHN2ZyB3aWR0aD0iMSIgaGVpZ2h0PSIxIiB4bWxucz0iaHR0cDovL3d3dy53My5vcmcvMjAwMC9zdmciPjwvc3ZnPg==\" style=\"--smush-placeholder-width: 722px; --smush-placeholder-aspect-ratio: 722\/418;\" \/>\t\t\t\t\t\t\t\t\t\t\t\t\t\t\t<\/div>\n\t\t\t\t<\/div>\n\t\t<div data-particle_enable=\"false\" data-particle-mobile-disabled=\"false\" class=\"elementor-element elementor-element-38cee20f e-con-full e-flex e-con e-child\" data-id=\"38cee20f\" data-element_type=\"container\" data-settings=\"{&quot;background_background&quot;:&quot;classic&quot;,&quot;ekit_has_onepagescroll_dot&quot;:&quot;yes&quot;}\">\n\t\t\t\t<\/div>\n\t\t\t\t\t<\/div>\n\t\t\t\t<\/div>\n\t\t<div data-particle_enable=\"false\" data-particle-mobile-disabled=\"false\" class=\"elementor-element elementor-element-4cfaaaf0 e-flex e-con-boxed e-con e-parent\" data-id=\"4cfaaaf0\" data-element_type=\"container\" id=\"xs_fun_3\" data-settings=\"{&quot;background_background&quot;:&quot;classic&quot;,&quot;ekit_has_onepagescroll_dot&quot;:&quot;yes&quot;}\">\n\t\t\t\t\t<div class=\"e-con-inner\">\n\t\t\t\t<div class=\"elementor-element elementor-element-3873bfb3 elementor-widget elementor-widget-elementskit-heading\" data-id=\"3873bfb3\" data-element_type=\"widget\" data-settings=\"{&quot;ekit_we_effect_on&quot;:&quot;none&quot;}\" data-widget_type=\"elementskit-heading.default\">\n\t\t\t\t\t<div class=\"ekit-wid-con\" ><div class=\"ekit-heading elementskit-section-title-wraper text_center   ekit_heading_tablet-   ekit_heading_mobile-\"><h3 class=\"elementskit-section-subtitle  \">\n\t\t\t\t\t\tA Hipermation\n\t\t\t\t\t<\/h3><div class=\"ekit_heading_separetor_wraper ekit_heading_ekit_border_custom\"><div class=\"ekit_border_custom\"><img decoding=\"async\" width=\"137\" height=\"10\" data-src=\"https:\/\/setembrohost.com.br\/hipermation\/wp-content\/uploads\/2025\/07\/Marker-Green.png\" class=\"attachment-large size-large wp-image-11919 lazyload\" alt=\"\" data-srcset=\"https:\/\/setembrohost.com.br\/hipermation\/wp-content\/uploads\/2025\/07\/Marker-Green.png 137w, https:\/\/setembrohost.com.br\/hipermation\/wp-content\/uploads\/2025\/07\/Marker-Green-120x10.png 120w\" data-sizes=\"(max-width: 137px) 100vw, 137px\" src=\"data:image\/svg+xml;base64,PHN2ZyB3aWR0aD0iMSIgaGVpZ2h0PSIxIiB4bWxucz0iaHR0cDovL3d3dy53My5vcmcvMjAwMC9zdmciPjwvc3ZnPg==\" style=\"--smush-placeholder-width: 137px; --smush-placeholder-aspect-ratio: 137\/10;\" \/><\/div><\/div><h2 class=\"ekit-heading--title elementskit-section-title \">faz parte de um grupo de empresas:<\/h2><\/div><\/div>\t\t\t\t<\/div>\n\t\t<div data-particle_enable=\"false\" data-particle-mobile-disabled=\"false\" class=\"elementor-element elementor-element-b67c172 e-con-full e-grid e-con e-child\" data-id=\"b67c172\" data-element_type=\"container\" data-settings=\"{&quot;ekit_has_onepagescroll_dot&quot;:&quot;yes&quot;}\">\n\t\t\t\t<div class=\"elementor-element elementor-element-58c5bfe elementor-widget elementor-widget-elementskit-funfact\" data-id=\"58c5bfe\" data-element_type=\"widget\" data-settings=\"{&quot;ekit_we_effect_on&quot;:&quot;none&quot;}\" data-widget_type=\"elementskit-funfact.default\">\n\t\t\t\t\t<div class=\"ekit-wid-con\" >\n\t\t<div class=\"elementskit-funfact text-center     \">\n\t\t\t\n\t\t\t<div class=\"elementskit-funfact-inner position_top\">\n\t\t\t\t\t\t\t\t\t<div class=\"funfact-icon\">\n\t\t\t\t\t\t\t\t\t\t\t<\/div>\n\t\t\t\t\t\t\t\t\n\t\t\t\t<div class=\"funfact-content\">\n\t\t\t\t\t<div class=\"number-percentage-wraper\">\n\t\t\t\t\t\t\t\t\t\t\t\t<span class=\"number-percentage\"\n\t\t\t\t\t\t      data-value=\"120\"\n\t\t\t\t\t\t      data-animation-duration=\"3500\"\n\t\t\t\t\t\t\t  data-style=\"static\">0<\/span>\n\t\t\t\t\t\t+\t\t\t\t\t\t\t\t\t\t\t<\/div>\n\n\t\t\t\t\t<h3 class=\"funfact-title\">Colaboradores<\/h3>\t\t\t\t\t\t\t\t<\/div>\n\t\t<\/div>\n\t\t<\/div>\n\n\n\t\t<\/div>\t\t\t\t<\/div>\n\t\t\t\t<div class=\"elementor-element elementor-element-440a0e80 elementor-widget elementor-widget-elementskit-funfact\" data-id=\"440a0e80\" data-element_type=\"widget\" data-settings=\"{&quot;ekit_we_effect_on&quot;:&quot;none&quot;}\" data-widget_type=\"elementskit-funfact.default\">\n\t\t\t\t\t<div class=\"ekit-wid-con\" >\n\t\t<div class=\"elementskit-funfact text-center     \">\n\t\t\t\n\t\t\t<div class=\"elementskit-funfact-inner position_top\">\n\t\t\t\t\t\t\t\t\t<div class=\"funfact-icon\">\n\t\t\t\t\t\t\t\t\t\t\t<\/div>\n\t\t\t\t\t\t\t\t\n\t\t\t\t<div class=\"funfact-content\">\n\t\t\t\t\t<div class=\"number-percentage-wraper\">\n\t\t\t\t\t\t\t\t\t\t\t\t<span class=\"number-percentage\"\n\t\t\t\t\t\t      data-value=\"3\"\n\t\t\t\t\t\t      data-animation-duration=\"3500\"\n\t\t\t\t\t\t\t  data-style=\"static\">0<\/span>\n\t\t\t\t\t\t+\t\t\t\t\t\t\t\t\t\t\t<\/div>\n\n\t\t\t\t\t<h3 class=\"funfact-title\">Empresas<\/h3>\t\t\t\t\t\t\t\t<\/div>\n\t\t<\/div>\n\t\t<\/div>\n\n\n\t\t<\/div>\t\t\t\t<\/div>\n\t\t\t\t<div class=\"elementor-element elementor-element-6c7fa94 elementor-widget elementor-widget-elementskit-funfact\" data-id=\"6c7fa94\" data-element_type=\"widget\" data-settings=\"{&quot;ekit_we_effect_on&quot;:&quot;none&quot;}\" data-widget_type=\"elementskit-funfact.default\">\n\t\t\t\t\t<div class=\"ekit-wid-con\" >\n\t\t<div class=\"elementskit-funfact text-center     \">\n\t\t\t\n\t\t\t<div class=\"elementskit-funfact-inner position_top\">\n\t\t\t\t\t\t\t\t\t<div class=\"funfact-icon\">\n\t\t\t\t\t\t\t\t\t\t\t<\/div>\n\t\t\t\t\t\t\t\t\n\t\t\t\t<div class=\"funfact-content\">\n\t\t\t\t\t<div class=\"number-percentage-wraper\">\n\t\t\t\t\t\t\t\t\t\t\t\t<span class=\"number-percentage\"\n\t\t\t\t\t\t      data-value=\"100\"\n\t\t\t\t\t\t      data-animation-duration=\"3500\"\n\t\t\t\t\t\t\t  data-style=\"static\">0<\/span>\n\t\t\t\t\t\t+\t\t\t\t\t\t\t\t\t\t\t<\/div>\n\n\t\t\t\t\t<h3 class=\"funfact-title\">Clientes Ativos<\/h3>\t\t\t\t\t\t\t\t<\/div>\n\t\t<\/div>\n\t\t<\/div>\n\n\n\t\t<\/div>\t\t\t\t<\/div>\n\t\t\t\t<div class=\"elementor-element elementor-element-2406f36e elementor-widget elementor-widget-elementskit-funfact\" data-id=\"2406f36e\" data-element_type=\"widget\" data-settings=\"{&quot;ekit_we_effect_on&quot;:&quot;none&quot;}\" data-widget_type=\"elementskit-funfact.default\">\n\t\t\t\t\t<div class=\"ekit-wid-con\" >\n\t\t<div class=\"elementskit-funfact text-center     \">\n\t\t\t\n\t\t\t<div class=\"elementskit-funfact-inner position_top\">\n\t\t\t\t\t\t\t\t\t<div class=\"funfact-icon\">\n\t\t\t\t\t\t\t\t\t\t\t<\/div>\n\t\t\t\t\t\t\t\t\n\t\t\t\t<div class=\"funfact-content\">\n\t\t\t\t\t<div class=\"number-percentage-wraper\">\n\t\t\t\t\t\t\t\t\t\t\t\t<span class=\"number-percentage\"\n\t\t\t\t\t\t      data-value=\"20\"\n\t\t\t\t\t\t      data-animation-duration=\"3500\"\n\t\t\t\t\t\t\t  data-style=\"static\">0<\/span>\n\t\t\t\t\t\t+\t\t\t\t\t\t\t\t\t\t\t<\/div>\n\n\t\t\t\t\t<h3 class=\"funfact-title\">anos de experi\u00eancias bem sucedidas no mercado<\/h3>\t\t\t\t\t\t\t\t<\/div>\n\t\t<\/div>\n\t\t<\/div>\n\n\n\t\t<\/div>\t\t\t\t<\/div>\n\t\t\t\t<\/div>\n\t\t\t\t\t<\/div>\n\t\t\t\t<\/div>\n\t\t\t\t<\/div>\n\t\t","protected":false},"excerpt":{"rendered":"<p>Somos um ecossistema.\t<\/p>\n","protected":false},"author":1,"featured_media":0,"parent":0,"menu_order":0,"comment_status":"closed","ping_status":"closed","template":"","meta":{"footnotes":""},"class_list":["post-3155","page","type-page","status-publish","hentry"],"_links":{"self":[{"href":"https:\/\/setembrohost.com.br\/hipermation\/wp-json\/wp\/v2\/pages\/3155","targetHints":{"allow":["GET"]}}],"collection":[{"href":"https:\/\/setembrohost.com.br\/hipermation\/wp-json\/wp\/v2\/pages"}],"about":[{"href":"https:\/\/setembrohost.com.br\/hipermation\/wp-json\/wp\/v2\/types\/page"}],"author":[{"embeddable":true,"href":"https:\/\/setembrohost.com.br\/hipermation\/wp-json\/wp\/v2\/users\/1"}],"replies":[{"embeddable":true,"href":"https:\/\/setembrohost.com.br\/hipermation\/wp-json\/wp\/v2\/comments?post=3155"}],"version-history":[{"count":76,"href":"https:\/\/setembrohost.com.br\/hipermation\/wp-json\/wp\/v2\/pages\/3155\/revisions"}],"predecessor-version":[{"id":12898,"href":"https:\/\/setembrohost.com.br\/hipermation\/wp-json\/wp\/v2\/pages\/3155\/revisions\/12898"}],"wp:attachment":[{"href":"https:\/\/setembrohost.com.br\/hipermation\/wp-json\/wp\/v2\/media?parent=3155"}],"curies":[{"name":"wp","href":"https:\/\/api.w.org\/{rel}","templated":true}]}}