{"id":12094,"date":"2025-07-10T15:20:52","date_gmt":"2025-07-10T18:20:52","guid":{"rendered":"https:\/\/setembrohost.com.br\/hipermation\/?page_id=12094"},"modified":"2026-01-22T16:14:06","modified_gmt":"2026-01-22T19:14:06","slug":"artigos-e-noticias","status":"publish","type":"page","link":"https:\/\/setembrohost.com.br\/hipermation\/artigos-e-noticias\/","title":{"rendered":"Artigos e Not\u00edcias"},"content":{"rendered":"\t\t<div data-elementor-type=\"wp-page\" data-elementor-id=\"12094\" class=\"elementor elementor-12094\" data-elementor-post-type=\"page\">\n\t\t\t\t<div data-particle_enable=\"false\" data-particle-mobile-disabled=\"false\" class=\"elementor-element elementor-element-5f4244a e-con-full e-flex e-con e-parent\" data-id=\"5f4244a\" data-element_type=\"container\" data-settings=\"{&quot;background_background&quot;:&quot;classic&quot;,&quot;ekit_has_onepagescroll_dot&quot;:&quot;yes&quot;}\">\n\t\t\t\t<div class=\"elementor-element elementor-element-bc2e34e elementor-widget elementor-widget-heading\" data-id=\"bc2e34e\" data-element_type=\"widget\" data-settings=\"{&quot;ekit_we_effect_on&quot;:&quot;none&quot;}\" data-widget_type=\"heading.default\">\n\t\t\t\t\t<h1 class=\"elementor-heading-title elementor-size-default\">Artigos e Not\u00edcias\n<\/h1>\t\t\t\t<\/div>\n\t\t\t\t<\/div>\n\t\t<div data-particle_enable=\"false\" data-particle-mobile-disabled=\"false\" class=\"elementor-element elementor-element-43c43e2 e-flex e-con-boxed e-con e-parent\" data-id=\"43c43e2\" data-element_type=\"container\" data-settings=\"{&quot;ekit_has_onepagescroll_dot&quot;:&quot;yes&quot;}\">\n\t\t\t\t\t<div class=\"e-con-inner\">\n\t\t\t\t<div class=\"elementor-element elementor-element-53aceea elementor-grid-eael-col-3 elementor-grid-tablet-eael-col-2 elementor-grid-mobile-eael-col-1 elementor-widget elementor-widget-eael-post-grid\" data-id=\"53aceea\" data-element_type=\"widget\" data-settings=\"{&quot;eael_post_grid_columns&quot;:&quot;eael-col-3&quot;,&quot;eael_post_grid_columns_tablet&quot;:&quot;eael-col-2&quot;,&quot;eael_post_grid_columns_mobile&quot;:&quot;eael-col-1&quot;,&quot;ekit_we_effect_on&quot;:&quot;none&quot;}\" data-widget_type=\"eael-post-grid.default\">\n\t\t\t\t\t<div id=\"eael-post-grid-53aceea\" class=\"eael-post-grid-container\">\n            <div class=\"eael-post-grid eael-post-appender eael-post-appender-53aceea eael-post-grid-style-three\" data-layout-mode=\"grid\"><article class=\"eael-grid-post  eael-post-grid-column eael-pg-post-12360 category-sem-categoria\" data-id=\"12360\">\n        <div class=\"eael-grid-post-holder\">\n            <div class=\"eael-grid-post-holder-inner\"><div class=\"eael-entry-media\"><div class=\"eael-entry-overlay fade-in\"><i class=\"fas fa-long-arrow-alt-right\" aria-hidden=\"true\"><\/i><a href=\"https:\/\/setembrohost.com.br\/hipermation\/por-que-aplicacoes-hiperautomatizadas-sao-o-futuro-da-eficiencia-operacional\/\"><\/a><\/div><div class=\"eael-entry-thumbnail \">\n                 <img fetchpriority=\"high\" decoding=\"async\" width=\"300\" height=\"225\" src=\"https:\/\/setembrohost.com.br\/hipermation\/wp-content\/uploads\/2025\/07\/post-3-300x225.jpg\" class=\"attachment-medium size-medium wp-image-12361\" alt=\"\" srcset=\"https:\/\/setembrohost.com.br\/hipermation\/wp-content\/uploads\/2025\/07\/post-3-300x225.jpg 300w, https:\/\/setembrohost.com.br\/hipermation\/wp-content\/uploads\/2025\/07\/post-3-768x576.jpg 768w, https:\/\/setembrohost.com.br\/hipermation\/wp-content\/uploads\/2025\/07\/post-3-600x450.jpg 600w, https:\/\/setembrohost.com.br\/hipermation\/wp-content\/uploads\/2025\/07\/post-3.jpg 800w\" sizes=\"(max-width: 300px) 100vw, 300px\" \/>\n             <\/div>\n        <\/div><div class=\"eael-entry-wrapper\"><header class=\"eael-entry-header\"><h2 class=\"eael-entry-title\"><a class=\"eael-grid-post-link\" href=\"https:\/\/setembrohost.com.br\/hipermation\/por-que-aplicacoes-hiperautomatizadas-sao-o-futuro-da-eficiencia-operacional\/\" title=\"Por Que Aplica\u00e7\u00f5es Hiperautomatizadas S\u00e3o o Futuro da Efici\u00eancia Operacional?\">Por Que Aplica\u00e7\u00f5es Hiperautomatizadas S\u00e3o o Futuro da Efici\u00eancia Operacional?<\/a><\/h2><\/header><div class=\"eael-entry-meta\"><span class=\"eael-posted-by\"><a href=\"https:\/\/setembrohost.com.br\/hipermation\/author\/admin\/\" title=\"Posts de admin\" rel=\"author\">admin<\/a><\/span><span class=\"eael-posted-on\"><time datetime=\"21 de julho de 2025\">21 de julho de 2025<\/time><\/span><\/div><div class=\"eael-entry-content\">\n                        <div class=\"eael-grid-post-excerpt\"><p>Em mercados cada vez mais din\u00e2micos, empresas precisam agir com...<\/p><a href=\"https:\/\/setembrohost.com.br\/hipermation\/por-que-aplicacoes-hiperautomatizadas-sao-o-futuro-da-eficiencia-operacional\/\" class=\"eael-post-elements-readmore-btn\">Leia mais<\/a><\/div>\n                    <\/div><\/div><\/div>\n        <\/div>\n    <\/article><article class=\"eael-grid-post  eael-post-grid-column eael-pg-post-12352 category-sem-categoria\" data-id=\"12352\">\n        <div class=\"eael-grid-post-holder\">\n            <div class=\"eael-grid-post-holder-inner\"><div class=\"eael-entry-media\"><div class=\"eael-entry-overlay fade-in\"><i class=\"fas fa-long-arrow-alt-right\" aria-hidden=\"true\"><\/i><a href=\"https:\/\/setembrohost.com.br\/hipermation\/5-funcionalidades-que-toda-aplicacao-hiperautomatizada-deveria-ter\/\"><\/a><\/div><div class=\"eael-entry-thumbnail \">\n                 <img decoding=\"async\" width=\"300\" height=\"225\" data-src=\"https:\/\/setembrohost.com.br\/hipermation\/wp-content\/uploads\/2025\/07\/post2-300x225.jpg\" class=\"attachment-medium size-medium wp-image-12353 lazyload\" alt=\"\" data-srcset=\"https:\/\/setembrohost.com.br\/hipermation\/wp-content\/uploads\/2025\/07\/post2-300x225.jpg 300w, https:\/\/setembrohost.com.br\/hipermation\/wp-content\/uploads\/2025\/07\/post2-768x576.jpg 768w, https:\/\/setembrohost.com.br\/hipermation\/wp-content\/uploads\/2025\/07\/post2-600x450.jpg 600w, https:\/\/setembrohost.com.br\/hipermation\/wp-content\/uploads\/2025\/07\/post2.jpg 800w\" data-sizes=\"(max-width: 300px) 100vw, 300px\" src=\"data:image\/svg+xml;base64,PHN2ZyB3aWR0aD0iMSIgaGVpZ2h0PSIxIiB4bWxucz0iaHR0cDovL3d3dy53My5vcmcvMjAwMC9zdmciPjwvc3ZnPg==\" style=\"--smush-placeholder-width: 300px; --smush-placeholder-aspect-ratio: 300\/225;\" \/>\n             <\/div>\n        <\/div><div class=\"eael-entry-wrapper\"><header class=\"eael-entry-header\"><h2 class=\"eael-entry-title\"><a class=\"eael-grid-post-link\" href=\"https:\/\/setembrohost.com.br\/hipermation\/5-funcionalidades-que-toda-aplicacao-hiperautomatizada-deveria-ter\/\" title=\"5 Funcionalidades Que Toda Aplica\u00e7\u00e3o Hiperautomatizada Deveria Ter\">5 Funcionalidades Que Toda Aplica\u00e7\u00e3o Hiperautomatizada Deveria Ter<\/a><\/h2><\/header><div class=\"eael-entry-meta\"><span class=\"eael-posted-by\"><a href=\"https:\/\/setembrohost.com.br\/hipermation\/author\/admin\/\" title=\"Posts de admin\" rel=\"author\">admin<\/a><\/span><span class=\"eael-posted-on\"><time datetime=\"21 de julho de 2025\">21 de julho de 2025<\/time><\/span><\/div><div class=\"eael-entry-content\">\n                        <div class=\"eael-grid-post-excerpt\"><p>Apenas automatizar uma tarefa isolada j\u00e1 n\u00e3o \u00e9 suficiente. Hoje,...<\/p><a href=\"https:\/\/setembrohost.com.br\/hipermation\/5-funcionalidades-que-toda-aplicacao-hiperautomatizada-deveria-ter\/\" class=\"eael-post-elements-readmore-btn\">Leia mais<\/a><\/div>\n                    <\/div><\/div><\/div>\n        <\/div>\n    <\/article><article class=\"eael-grid-post  eael-post-grid-column eael-pg-post-12340 category-sem-categoria\" data-id=\"12340\">\n        <div class=\"eael-grid-post-holder\">\n            <div class=\"eael-grid-post-holder-inner\"><div class=\"eael-entry-media\"><div class=\"eael-entry-overlay fade-in\"><i class=\"fas fa-long-arrow-alt-right\" aria-hidden=\"true\"><\/i><a href=\"https:\/\/setembrohost.com.br\/hipermation\/como-a-hiperautomacao-esta-redefinindo-a-produtividade-nas-empresas\/\"><\/a><\/div><div class=\"eael-entry-thumbnail \">\n                 <img decoding=\"async\" width=\"300\" height=\"225\" data-src=\"https:\/\/setembrohost.com.br\/hipermation\/wp-content\/uploads\/2025\/07\/post1-300x225.jpg\" class=\"attachment-medium size-medium wp-image-12342 lazyload\" alt=\"\" data-srcset=\"https:\/\/setembrohost.com.br\/hipermation\/wp-content\/uploads\/2025\/07\/post1-300x225.jpg 300w, https:\/\/setembrohost.com.br\/hipermation\/wp-content\/uploads\/2025\/07\/post1-768x576.jpg 768w, https:\/\/setembrohost.com.br\/hipermation\/wp-content\/uploads\/2025\/07\/post1-600x450.jpg 600w, https:\/\/setembrohost.com.br\/hipermation\/wp-content\/uploads\/2025\/07\/post1.jpg 800w\" data-sizes=\"(max-width: 300px) 100vw, 300px\" src=\"data:image\/svg+xml;base64,PHN2ZyB3aWR0aD0iMSIgaGVpZ2h0PSIxIiB4bWxucz0iaHR0cDovL3d3dy53My5vcmcvMjAwMC9zdmciPjwvc3ZnPg==\" style=\"--smush-placeholder-width: 300px; --smush-placeholder-aspect-ratio: 300\/225;\" \/>\n             <\/div>\n        <\/div><div class=\"eael-entry-wrapper\"><header class=\"eael-entry-header\"><h2 class=\"eael-entry-title\"><a class=\"eael-grid-post-link\" href=\"https:\/\/setembrohost.com.br\/hipermation\/como-a-hiperautomacao-esta-redefinindo-a-produtividade-nas-empresas\/\" title=\"Como a Hiperautoma\u00e7\u00e3o Est\u00e1 Redefinindo a Produtividade nas Empresas\">Como a Hiperautoma\u00e7\u00e3o Est\u00e1 Redefinindo a Produtividade nas Empresas<\/a><\/h2><\/header><div class=\"eael-entry-meta\"><span class=\"eael-posted-by\"><a href=\"https:\/\/setembrohost.com.br\/hipermation\/author\/admin\/\" title=\"Posts de admin\" rel=\"author\">admin<\/a><\/span><span class=\"eael-posted-on\"><time datetime=\"21 de julho de 2025\">21 de julho de 2025<\/time><\/span><\/div><div class=\"eael-entry-content\">\n                        <div class=\"eael-grid-post-excerpt\"><p>Como a Hiperautoma\u00e7\u00e3o Est\u00e1 Redefinindo a Produtividade nas Empresas Como...<\/p><a href=\"https:\/\/setembrohost.com.br\/hipermation\/como-a-hiperautomacao-esta-redefinindo-a-produtividade-nas-empresas\/\" class=\"eael-post-elements-readmore-btn\">Leia mais<\/a><\/div>\n                    <\/div><\/div><\/div>\n        <\/div>\n    <\/article><\/div>\n            <div class=\"clearfix\"><\/div>\n        <\/div>\t\t\t\t<\/div>\n\t\t\t\t\t<\/div>\n\t\t\t\t<\/div>\n\t\t\t\t<\/div>\n\t\t","protected":false},"excerpt":{"rendered":"<p>Artigos e Not\u00edcias Por Que Aplica\u00e7\u00f5es Hiperautomatizadas S\u00e3o o Futuro da Efici\u00eancia Operacional? admin21 de julho de 2025 Em mercados cada vez mais din\u00e2micos, empresas precisam agir com&#8230; Leia mais 5 Funcionalidades Que Toda Aplica\u00e7\u00e3o Hiperautomatizada Deveria Ter admin21 de julho de 2025 Apenas automatizar uma tarefa isolada j\u00e1 n\u00e3o \u00e9 suficiente. Hoje,&#8230; Leia mais&#8230;<\/p>\n","protected":false},"author":1,"featured_media":0,"parent":0,"menu_order":0,"comment_status":"closed","ping_status":"closed","template":"","meta":{"footnotes":""},"class_list":["post-12094","page","type-page","status-publish","hentry"],"_links":{"self":[{"href":"https:\/\/setembrohost.com.br\/hipermation\/wp-json\/wp\/v2\/pages\/12094","targetHints":{"allow":["GET"]}}],"collection":[{"href":"https:\/\/setembrohost.com.br\/hipermation\/wp-json\/wp\/v2\/pages"}],"about":[{"href":"https:\/\/setembrohost.com.br\/hipermation\/wp-json\/wp\/v2\/types\/page"}],"author":[{"embeddable":true,"href":"https:\/\/setembrohost.com.br\/hipermation\/wp-json\/wp\/v2\/users\/1"}],"replies":[{"embeddable":true,"href":"https:\/\/setembrohost.com.br\/hipermation\/wp-json\/wp\/v2\/comments?post=12094"}],"version-history":[{"count":16,"href":"https:\/\/setembrohost.com.br\/hipermation\/wp-json\/wp\/v2\/pages\/12094\/revisions"}],"predecessor-version":[{"id":12881,"href":"https:\/\/setembrohost.com.br\/hipermation\/wp-json\/wp\/v2\/pages\/12094\/revisions\/12881"}],"wp:attachment":[{"href":"https:\/\/setembrohost.com.br\/hipermation\/wp-json\/wp\/v2\/media?parent=12094"}],"curies":[{"name":"wp","href":"https:\/\/api.w.org\/{rel}","templated":true}]}}